{"id":10,"date":"2025-10-11T15:43:26","date_gmt":"2025-10-11T15:43:26","guid":{"rendered":"https:\/\/orangered-bear-878958.hostingersite.com\/blog\/"},"modified":"2025-11-01T15:28:45","modified_gmt":"2025-11-01T21:28:45","slug":"empleo","status":"publish","type":"page","link":"https:\/\/nicoyainfo.com\/en\/empleo\/","title":{"rendered":"Empleo"},"content":{"rendered":"<div class=\"wp-block-group alignfull hostinger-ai-our-blog-1 hostinger-ai-fade-up has-global-padding is-layout-constrained wp-block-group-is-layout-constrained\" data-aos=\"fade-up\">\n<div class=\"wp-block-group alignwide hostinger-ai-fade-up has-global-padding is-content-justification-left is-layout-constrained wp-container-core-group-is-layout-12dd3699 wp-block-group-is-layout-constrained\" data-aos=\"fade-up\">\n<h2 class=\"wp-block-heading is-style-default hostinger-ai-title has-dark-color has-text-color has-link-color has-x-large-font-size wp-elements-d0fdccbdd794c06e93a8b800d076b16d\" style=\"margin-bottom:var(--wp--preset--spacing--50)\">Trabajo \/ Empleo :<\/h2>\n<\/div>\n<\/div>\n\n\n\n<h2 class=\"wp-block-heading has-text-align-left hostinger-ai-title has-dark-color has-text-color has-link-color has-large-font-size wp-elements-3f7eb2e254f555193a5b8ed8e12b43b9\" style=\"margin-top:0;margin-right:0;margin-bottom:var(--wp--preset--spacing--20);margin-left:0\">En esta p\u00e1gina encontrar\u00e1s una manera sencilla y r\u00e1pida de acceder a oportunidades laborales locales. Nuestro objetivo es facilitar tu b\u00fasqueda de empleo conect\u00e1ndote con empresas, comercios y servicios que est\u00e1n contratando en la zona. Explora las opciones disponibles y encuentra el trabajo que mejor se adapte a tus habilidades sin complicaciones.<\/h2>\n\n\n\n<div class=\"wp-block-group alignfull hostinger-ai-solid-block hostinger-ai-fade-up has-color-1-background-color has-background has-global-padding is-layout-constrained wp-block-group-is-layout-constrained\" data-aos=\"fade-up\" style=\"padding-top:var(--wp--preset--spacing--60);padding-bottom:var(--wp--preset--spacing--60)\">\n<div class=\"wp-block-group is-layout-grid wp-container-core-group-is-layout-478b6e6b wp-block-group-is-layout-grid\">\n<figure class=\"wp-block-image size-large wp-container-content-69bc4bdf\"><img loading=\"lazy\" decoding=\"async\" width=\"600\" height=\"1024\" src=\"https:\/\/nicoyainfo.com\/wp-content\/uploads\/2025\/11\/WhatsApp-Image-2025-10-31-at-5.55.59-PM-600x1024.jpeg\" alt=\"Foto\" class=\"wp-image-343\" srcset=\"https:\/\/nicoyainfo.com\/wp-content\/uploads\/2025\/11\/WhatsApp-Image-2025-10-31-at-5.55.59-PM-600x1024.jpeg 600w, https:\/\/nicoyainfo.com\/wp-content\/uploads\/2025\/11\/WhatsApp-Image-2025-10-31-at-5.55.59-PM-176x300.jpeg 176w, https:\/\/nicoyainfo.com\/wp-content\/uploads\/2025\/11\/WhatsApp-Image-2025-10-31-at-5.55.59-PM-768x1311.jpeg 768w, https:\/\/nicoyainfo.com\/wp-content\/uploads\/2025\/11\/WhatsApp-Image-2025-10-31-at-5.55.59-PM-900x1536.jpeg 900w, https:\/\/nicoyainfo.com\/wp-content\/uploads\/2025\/11\/WhatsApp-Image-2025-10-31-at-5.55.59-PM-7x12.jpeg 7w, https:\/\/nicoyainfo.com\/wp-content\/uploads\/2025\/11\/WhatsApp-Image-2025-10-31-at-5.55.59-PM.jpeg 1080w\" sizes=\"auto, (max-width: 600px) 100vw, 600px\" \/><\/figure>\n\n\n\n<figure class=\"wp-block-image size-full\"><img alt=\"\" loading=\"lazy\" decoding=\"async\" width=\"770\" height=\"772\" src=\"https:\/\/nicoyainfo.com\/wp-content\/uploads\/2025\/11\/WhatsApp-Image-2025-10-31-at-2.39.49-PM.jpeg\" class=\"wp-image-345\" srcset=\"https:\/\/nicoyainfo.com\/wp-content\/uploads\/2025\/11\/WhatsApp-Image-2025-10-31-at-2.39.49-PM.jpeg 770w, https:\/\/nicoyainfo.com\/wp-content\/uploads\/2025\/11\/WhatsApp-Image-2025-10-31-at-2.39.49-PM-300x300.jpeg 300w, https:\/\/nicoyainfo.com\/wp-content\/uploads\/2025\/11\/WhatsApp-Image-2025-10-31-at-2.39.49-PM-150x150.jpeg 150w, https:\/\/nicoyainfo.com\/wp-content\/uploads\/2025\/11\/WhatsApp-Image-2025-10-31-at-2.39.49-PM-768x770.jpeg 768w, https:\/\/nicoyainfo.com\/wp-content\/uploads\/2025\/11\/WhatsApp-Image-2025-10-31-at-2.39.49-PM-12x12.jpeg 12w\" sizes=\"auto, (max-width: 770px) 100vw, 770px\" \/><\/figure>\n\n\n\n<figure class=\"wp-block-image size-large\"><img alt=\"\" loading=\"lazy\" decoding=\"async\" width=\"1024\" height=\"1024\" src=\"https:\/\/nicoyainfo.com\/wp-content\/uploads\/2025\/11\/WhatsApp-Image-2025-10-31-at-2.43.28-PM-1024x1024.jpeg\" class=\"wp-image-344\" srcset=\"https:\/\/nicoyainfo.com\/wp-content\/uploads\/2025\/11\/WhatsApp-Image-2025-10-31-at-2.43.28-PM-1024x1024.jpeg 1024w, https:\/\/nicoyainfo.com\/wp-content\/uploads\/2025\/11\/WhatsApp-Image-2025-10-31-at-2.43.28-PM-300x300.jpeg 300w, https:\/\/nicoyainfo.com\/wp-content\/uploads\/2025\/11\/WhatsApp-Image-2025-10-31-at-2.43.28-PM-150x150.jpeg 150w, https:\/\/nicoyainfo.com\/wp-content\/uploads\/2025\/11\/WhatsApp-Image-2025-10-31-at-2.43.28-PM-768x768.jpeg 768w, https:\/\/nicoyainfo.com\/wp-content\/uploads\/2025\/11\/WhatsApp-Image-2025-10-31-at-2.43.28-PM-12x12.jpeg 12w, https:\/\/nicoyainfo.com\/wp-content\/uploads\/2025\/11\/WhatsApp-Image-2025-10-31-at-2.43.28-PM.jpeg 1080w\" sizes=\"auto, (max-width: 1024px) 100vw, 1024px\" \/><\/figure>\n\n\n\n<figure class=\"wp-block-image size-full\"><img alt=\"\" loading=\"lazy\" decoding=\"async\" width=\"331\" height=\"417\" src=\"https:\/\/nicoyainfo.com\/wp-content\/uploads\/2025\/11\/Captura-de-pantalla-2025-11-01-150201.jpg\" class=\"wp-image-347\" srcset=\"https:\/\/nicoyainfo.com\/wp-content\/uploads\/2025\/11\/Captura-de-pantalla-2025-11-01-150201.jpg 331w, https:\/\/nicoyainfo.com\/wp-content\/uploads\/2025\/11\/Captura-de-pantalla-2025-11-01-150201-238x300.jpg 238w, https:\/\/nicoyainfo.com\/wp-content\/uploads\/2025\/11\/Captura-de-pantalla-2025-11-01-150201-10x12.jpg 10w\" sizes=\"auto, (max-width: 331px) 100vw, 331px\" \/><\/figure>\n\n\n\n<figure class=\"wp-block-image size-large\"><img alt=\"\" loading=\"lazy\" decoding=\"async\" width=\"791\" height=\"1024\" src=\"https:\/\/nicoyainfo.com\/wp-content\/uploads\/2025\/11\/571132513_10239273700358771_8071368910444680096_n-791x1024.jpg\" class=\"wp-image-348\" srcset=\"https:\/\/nicoyainfo.com\/wp-content\/uploads\/2025\/11\/571132513_10239273700358771_8071368910444680096_n-791x1024.jpg 791w, https:\/\/nicoyainfo.com\/wp-content\/uploads\/2025\/11\/571132513_10239273700358771_8071368910444680096_n-232x300.jpg 232w, https:\/\/nicoyainfo.com\/wp-content\/uploads\/2025\/11\/571132513_10239273700358771_8071368910444680096_n-768x994.jpg 768w, https:\/\/nicoyainfo.com\/wp-content\/uploads\/2025\/11\/571132513_10239273700358771_8071368910444680096_n-9x12.jpg 9w, https:\/\/nicoyainfo.com\/wp-content\/uploads\/2025\/11\/571132513_10239273700358771_8071368910444680096_n.jpg 816w\" sizes=\"auto, (max-width: 791px) 100vw, 791px\" \/><\/figure>\n<\/div>\n<\/div>\n\n\n\n<div class=\"wp-block-group alignfull hostinger-ai-gallery-7 hostinger-ai-fade-up is-layout-flow wp-block-group-is-layout-flow\" data-aos=\"fade-up\">\n<div class=\"wp-block-group alignwide hostinger-ai-fade-up has-global-padding is-layout-constrained wp-block-group-is-layout-constrained\" data-aos=\"fade-up\" style=\"padding-top:var(--wp--preset--spacing--60);padding-bottom:var(--wp--preset--spacing--60)\"><\/div>\n\n\n\n<div class=\"wp-block-group hostinger-ai-fade-up has-global-padding is-layout-constrained wp-block-group-is-layout-constrained\" data-aos=\"fade-up\" style=\"margin-top:0;margin-bottom:var(--wp--preset--spacing--60)\">\n<div class=\"wp-block-columns alignwide is-layout-flex wp-container-core-columns-is-layout-28f84493 wp-block-columns-is-layout-flex\">\n<div class=\"wp-block-column is-layout-flow wp-block-column-is-layout-flow\"><\/div>\n\n\n\n<div class=\"wp-block-column is-layout-flow wp-block-column-is-layout-flow\"><\/div>\n\n\n\n<div class=\"wp-block-column is-layout-flow wp-block-column-is-layout-flow\"><\/div>\n\n\n\n<div class=\"wp-block-column is-layout-flow wp-block-column-is-layout-flow\"><\/div>\n\n\n\n<div class=\"wp-block-column is-layout-flow wp-block-column-is-layout-flow\"><\/div>\n<\/div>\n<\/div>\n<\/div>","protected":false},"excerpt":{"rendered":"<p>Trabajo \/ Empleo : En esta p\u00e1gina encontrar\u00e1s una manera sencilla y r\u00e1pida de acceder a oportunidades laborales locales. Nuestro objetivo es facilitar tu b\u00fasqueda de empleo conect\u00e1ndote con empresas, comercios y servicios que est\u00e1n contratando en la zona. Explora las opciones disponibles y encuentra el trabajo que mejor se adapte a tus habilidades sin [&hellip;]<\/p>\n","protected":false},"author":1,"featured_media":0,"parent":0,"menu_order":0,"comment_status":"closed","ping_status":"closed","template":"","meta":{"_seopress_robots_primary_cat":"","_seopress_titles_title":"","_seopress_titles_desc":"","_seopress_robots_index":"","footnotes":""},"class_list":["post-10","page","type-page","status-publish","hentry"],"_hostinger_reach_plugin_has_subscription_block":false,"_hostinger_reach_plugin_is_elementor":false,"_links":{"self":[{"href":"https:\/\/nicoyainfo.com\/en\/wp-json\/wp\/v2\/pages\/10","targetHints":{"allow":["GET"]}}],"collection":[{"href":"https:\/\/nicoyainfo.com\/en\/wp-json\/wp\/v2\/pages"}],"about":[{"href":"https:\/\/nicoyainfo.com\/en\/wp-json\/wp\/v2\/types\/page"}],"author":[{"embeddable":true,"href":"https:\/\/nicoyainfo.com\/en\/wp-json\/wp\/v2\/users\/1"}],"replies":[{"embeddable":true,"href":"https:\/\/nicoyainfo.com\/en\/wp-json\/wp\/v2\/comments?post=10"}],"version-history":[{"count":10,"href":"https:\/\/nicoyainfo.com\/en\/wp-json\/wp\/v2\/pages\/10\/revisions"}],"predecessor-version":[{"id":353,"href":"https:\/\/nicoyainfo.com\/en\/wp-json\/wp\/v2\/pages\/10\/revisions\/353"}],"wp:attachment":[{"href":"https:\/\/nicoyainfo.com\/en\/wp-json\/wp\/v2\/media?parent=10"}],"curies":[{"name":"wp","href":"https:\/\/api.w.org\/{rel}","templated":true}]}}