{"id":11,"date":"2025-10-11T15:43:28","date_gmt":"2025-10-11T15:43:28","guid":{"rendered":"https:\/\/orangered-bear-878958.hostingersite.com\/directory\/"},"modified":"2026-02-05T21:15:06","modified_gmt":"2026-02-06T03:15:06","slug":"contacto","status":"publish","type":"page","link":"https:\/\/nicoyainfo.com\/en\/contacto\/","title":{"rendered":""},"content":{"rendered":"<p><\/p>\n\n\n\n<div class=\"wp-block-group alignfull hostinger-ai-our-blog-1 hostinger-ai-fade-up has-global-padding is-layout-constrained wp-block-group-is-layout-constrained\" data-aos=\"fade-up\">\n<div class=\"wp-block-group alignwide hostinger-ai-fade-up has-global-padding is-content-justification-left is-layout-constrained wp-container-core-group-is-layout-12dd3699 wp-block-group-is-layout-constrained\" data-aos=\"fade-up\">\n<h2 class=\"wp-block-heading is-style-default hostinger-ai-title has-dark-color has-text-color has-link-color has-x-large-font-size wp-elements-b592040eef92daefb1c0aa188b2e3bf1\" style=\"margin-bottom:var(--wp--preset--spacing--50)\">Who i am ?<\/h2>\n\n\n\n<p><strong>Marco Barrantes<\/strong> <\/p>\n\n\n\n<p>A passionate enthusiast of culture, tourism, and technology, dedicated to showcasing the best of Nicoya. For the past few years, he has been studying web development to create a project that provides useful and practical information to those visiting or wanting to learn about this historic town. His goal is for every reader to discover the essence of Nicoya, connect with its people, and feel part of the community, making their visit or experience more enriching and memorable.<\/p>\n<\/div>\n<\/div>\n\n\n\n<div class=\"wp-block-group alignfull hostinger-ai-contact-form-4 hostinger-ai-fade-up has-vivid-cyan-blue-color has-vivid-cyan-blue-background-color has-text-color has-background has-link-color wp-elements-5a6d29e8289f415b9a96cc142523ba09 has-global-padding is-layout-constrained wp-block-group-is-layout-constrained\" data-aos=\"fade-up\">\n<div class=\"wp-block-hostinger-ai-theme-contact-form-block\">\n    <section class=\"hts-section hts-page hts-contact-form\">\n        <div class=\"hts-details\">\n            <div class=\"hts-contact-details hts-contacts\">\n                \n                \n                <form id=\"contact-form-69e168d29617a\" action=\"\">\n                    <input type=\"hidden\" id=\"contactform_nonce\" name=\"contactform_nonce\" value=\"a972c1ba60\" \/><input type=\"hidden\" name=\"_wp_http_referer\" value=\"\/en\/wp-json\/wp\/v2\/pages\/11\" \/>\n                    <label for=\"contact-form-69e168d29617a-name\">Name<\/label>\n                    <input type=\"text\"\n                            id=\"contact-form-69e168d29617a-name\"\n                            class=\"contact-name\"\n                            name=\"name\"\n                            placeholder=\"What&#039;s your name?\"\n                            required>\n\n                    <label for=\"contact-form-69e168d29617a-email\">Email<\/label>\n                    <input type=\"email\"\n                            id=\"contact-form-69e168d29617a-email\"\n                            class=\"contact-email\"\n                            name=\"email\"\n                            placeholder=\"What&#039;s your email?\"\n                            required>\n\n                    <label for=\"contact-form-69e168d29617a-message\">\n                    Message                    <\/label>\n                    <textarea id=\"contact-form-69e168d29617a-message\"\n                                class=\"contact-message\"\n                                name=\"message\"\n                                placeholder=\"Write your message...\"\n                                required><\/textarea>\n\n                    <div class=\"validate-message\"><\/div>\n\n                    <div class=\"hts-privacy-agree\">\n                        <label class=\"hts-form-control\">\n                            <input type=\"checkbox\"\n                                    id=\"contact-form-69e168d29617a-privacy-policy-checkbox\"\n                                    class=\"privacy-policy-checkbox\"\n                                    name=\"privacy_policy\"\n                                    required>\n                            <span>\n                            I consent to use of provided personal data for the purpose of responding to the request as described in <a href=\"\" target=\"_blank\">Privacy Policy<\/a> which I have read. I may withdraw my consent at any time.                            <\/span>\n                        <\/label>\n                    <\/div>\n\n                    <input type=\"submit\"\n                            class=\"btn primary has-color-2-color has-color-1-background-color has-text-color has-background has-link-color has-border-color has-color-1-border-color wp-element-button\"\n                            value=\"Send Message\"\/>\n                <input type=\"hidden\" name=\"trp-form-language\" value=\"en\"\/><\/form>\n            <\/div>\n        <\/div>\n    <\/section>\n<\/div><\/div>\n\n\n\n<div class=\"wp-block-group alignfull hostinger-ai-our-services-2 hostinger-ai-fade-up has-color-2-background-color has-background has-global-padding is-layout-constrained wp-block-group-is-layout-constrained\" data-aos=\"fade-up\" style=\"margin-bottom:0;padding-top:var(--wp--preset--spacing--60);padding-bottom:var(--wp--preset--spacing--60)\">\n<div class=\"wp-block-group alignwide hostinger-ai-fade-up has-global-padding is-content-justification-left is-layout-constrained wp-container-core-group-is-layout-12dd3699 wp-block-group-is-layout-constrained\" data-aos=\"fade-up\">\n<h2 class=\"wp-block-heading is-style-default hostinger-ai-title has-light-color has-text-color has-link-color has-x-large-font-size wp-elements-8cbec161038545ea9ee8c140c97d61a6\" style=\"margin-bottom:var(--wp--preset--spacing--50)\">Otros Servicios <\/h2>\n\n\n\n<div class=\"wp-block-group alignwide hostinger-ai-fade-up is-layout-grid wp-container-core-group-is-layout-88c98fc8 wp-block-group-is-layout-grid\" data-aos=\"fade-up\">\n<div class=\"wp-block-group hostinger-ai-fade-up has-global-padding is-layout-constrained wp-container-core-group-is-layout-29a8626f wp-block-group-is-layout-constrained\" data-aos=\"fade-up\" style=\"padding-top:0;padding-right:var(--wp--preset--spacing--20);padding-bottom:0;padding-left:var(--wp--preset--spacing--20)\">\n<figure class=\"wp-block-image size-full has-custom-border hostinger-ai-service-image\"><img alt=\"\" loading=\"lazy\" decoding=\"async\" width=\"2560\" height=\"1707\" src=\"https:\/\/nicoyainfo.com\/wp-content\/uploads\/2025\/10\/pexels-pixabay-261662-1-1-scaled.jpg\" class=\"wp-image-159\" style=\"border-radius:20px\" srcset=\"https:\/\/nicoyainfo.com\/wp-content\/uploads\/2025\/10\/pexels-pixabay-261662-1-1-scaled.jpg 2560w, https:\/\/nicoyainfo.com\/wp-content\/uploads\/2025\/10\/pexels-pixabay-261662-1-1-300x200.jpg 300w, https:\/\/nicoyainfo.com\/wp-content\/uploads\/2025\/10\/pexels-pixabay-261662-1-1-1024x683.jpg 1024w, https:\/\/nicoyainfo.com\/wp-content\/uploads\/2025\/10\/pexels-pixabay-261662-1-1-768x512.jpg 768w, https:\/\/nicoyainfo.com\/wp-content\/uploads\/2025\/10\/pexels-pixabay-261662-1-1-1536x1024.jpg 1536w, https:\/\/nicoyainfo.com\/wp-content\/uploads\/2025\/10\/pexels-pixabay-261662-1-1-2048x1365.jpg 2048w, https:\/\/nicoyainfo.com\/wp-content\/uploads\/2025\/10\/pexels-pixabay-261662-1-1-18x12.jpg 18w\" sizes=\"auto, (max-width: 2560px) 100vw, 2560px\" \/><\/figure>\n\n\n\n<p class=\"hostinger-ai-service-description has-light-color has-text-color has-link-color has-medium-font-size wp-elements-9d4c8fffdbb39365eff3c238de121e75\" style=\"margin-top:var(--wp--preset--spacing--40)\">Desarrollador de blogs<\/p>\n<\/div>\n\n\n\n<div class=\"wp-block-group hostinger-ai-fade-up has-global-padding is-layout-constrained wp-container-core-group-is-layout-c9115f92 wp-block-group-is-layout-constrained\" data-aos=\"fade-up\" style=\"padding-right:var(--wp--preset--spacing--20);padding-left:var(--wp--preset--spacing--20)\">\n<figure class=\"wp-block-image size-full has-custom-border hostinger-ai-service-image hostinger-index-1\"><img alt=\"\" loading=\"lazy\" decoding=\"async\" width=\"640\" height=\"427\" src=\"https:\/\/nicoyainfo.com\/wp-content\/uploads\/2025\/10\/pexels-harold-vasquez-853421-2653362-1.jpg\" class=\"wp-image-160\" style=\"border-radius:20px\" srcset=\"https:\/\/nicoyainfo.com\/wp-content\/uploads\/2025\/10\/pexels-harold-vasquez-853421-2653362-1.jpg 640w, https:\/\/nicoyainfo.com\/wp-content\/uploads\/2025\/10\/pexels-harold-vasquez-853421-2653362-1-300x200.jpg 300w, https:\/\/nicoyainfo.com\/wp-content\/uploads\/2025\/10\/pexels-harold-vasquez-853421-2653362-1-18x12.jpg 18w\" sizes=\"auto, (max-width: 640px) 100vw, 640px\" \/><\/figure>\n\n\n\n<p class=\"hostinger-ai-service-description hostinger-index-1 has-light-color has-text-color has-link-color has-medium-font-size wp-elements-b6c4a1849d4ca2bf68e30460cafbb356\" style=\"margin-top:var(--wp--preset--spacing--40)\">Desarrollador web <\/p>\n<\/div>\n<\/div>\n<\/div>\n<\/div>","protected":false},"excerpt":{"rendered":"<p>\u00bfQuien soy? Marco Barrantes Un apasionado de la cultura, el turismo y la tecnolog\u00eda, dedicado a mostrar lo mejor de Nicoya. Desde hace un par de a\u00f1os estudia desarrollo web para crear un proyecto que acerca informaci\u00f3n \u00fatil y pr\u00e1ctica a quienes visitan o quieren conocer este hist\u00f3rico pueblo. Su objetivo es que cada lector [&hellip;]<\/p>\n","protected":false},"author":1,"featured_media":0,"parent":0,"menu_order":0,"comment_status":"closed","ping_status":"closed","template":"","meta":{"_seopress_robots_primary_cat":"","_seopress_titles_title":"Contacto | Info Nicoya Guanacaste","_seopress_titles_desc":"Cont\u00e1ctanos para anunciar tu negocio o recibir informaci\u00f3n sobre servicios y oportunidades en Nicoya Guanacaste.","_seopress_robots_index":"","footnotes":""},"class_list":["post-11","page","type-page","status-publish","hentry"],"_hostinger_reach_plugin_has_subscription_block":false,"_hostinger_reach_plugin_is_elementor":false,"_links":{"self":[{"href":"https:\/\/nicoyainfo.com\/en\/wp-json\/wp\/v2\/pages\/11","targetHints":{"allow":["GET"]}}],"collection":[{"href":"https:\/\/nicoyainfo.com\/en\/wp-json\/wp\/v2\/pages"}],"about":[{"href":"https:\/\/nicoyainfo.com\/en\/wp-json\/wp\/v2\/types\/page"}],"author":[{"embeddable":true,"href":"https:\/\/nicoyainfo.com\/en\/wp-json\/wp\/v2\/users\/1"}],"replies":[{"embeddable":true,"href":"https:\/\/nicoyainfo.com\/en\/wp-json\/wp\/v2\/comments?post=11"}],"version-history":[{"count":12,"href":"https:\/\/nicoyainfo.com\/en\/wp-json\/wp\/v2\/pages\/11\/revisions"}],"predecessor-version":[{"id":579,"href":"https:\/\/nicoyainfo.com\/en\/wp-json\/wp\/v2\/pages\/11\/revisions\/579"}],"wp:attachment":[{"href":"https:\/\/nicoyainfo.com\/en\/wp-json\/wp\/v2\/media?parent=11"}],"curies":[{"name":"wp","href":"https:\/\/api.w.org\/{rel}","templated":true}]}}