{"id":186,"date":"2025-10-16T14:11:45","date_gmt":"2025-10-16T20:11:45","guid":{"rendered":"https:\/\/nicoyainfo.com\/?page_id=186"},"modified":"2025-10-28T13:07:28","modified_gmt":"2025-10-28T19:07:28","slug":"blondie-salon","status":"publish","type":"page","link":"https:\/\/nicoyainfo.com\/en\/blondie-salon\/","title":{"rendered":"Blondie Salon"},"content":{"rendered":"<figure class=\"wp-block-image alignleft size-full is-resized\"><img alt=\"\" loading=\"lazy\" decoding=\"async\" width=\"526\" height=\"636\" src=\"https:\/\/nicoyainfo.com\/wp-content\/uploads\/2025\/10\/Captura-de-pantalla-2025-10-22-152844.jpg\" class=\"wp-image-218\" style=\"width:397px;height:auto\" srcset=\"https:\/\/nicoyainfo.com\/wp-content\/uploads\/2025\/10\/Captura-de-pantalla-2025-10-22-152844.jpg 526w, https:\/\/nicoyainfo.com\/wp-content\/uploads\/2025\/10\/Captura-de-pantalla-2025-10-22-152844-248x300.jpg 248w, https:\/\/nicoyainfo.com\/wp-content\/uploads\/2025\/10\/Captura-de-pantalla-2025-10-22-152844-10x12.jpg 10w\" sizes=\"auto, (max-width: 526px) 100vw, 526px\" \/><\/figure>\n\n\n\n<p>In our salon, we have years of experience dedicated to enhancing the beauty and confidence of each client. Our team of professionals is highly trained in <strong>balayage, modern haircuts, custom coloring, and professional makeup.<\/strong>Offering always a quality service, personalized attention, and the best products on the market. Here, your style is our inspiration.<\/p>\n\n\n\n<p>Book your appointment at <strong>+50688228752  <\/strong>We\u2019ll be delighted to assist you!<\/p>\n\n\n\n<p><strong>Business hours: 9 AM to 6 PM<\/strong><\/p>\n\n\n\n<p><\/p>\n\n\n\n<div class=\"wp-block-group is-layout-grid wp-container-core-group-is-layout-478b6e6b wp-block-group-is-layout-grid\">\n<figure class=\"wp-block-image size-large wp-container-content-69bc4bdf\"><img alt=\"\" loading=\"lazy\" decoding=\"async\" width=\"1024\" height=\"1024\" src=\"https:\/\/nicoyainfo.com\/wp-content\/uploads\/2025\/10\/490980331_1227472216045202_7980150402028313001_n-1024x1024.jpg\" class=\"wp-image-216\" srcset=\"https:\/\/nicoyainfo.com\/wp-content\/uploads\/2025\/10\/490980331_1227472216045202_7980150402028313001_n-1024x1024.jpg 1024w, https:\/\/nicoyainfo.com\/wp-content\/uploads\/2025\/10\/490980331_1227472216045202_7980150402028313001_n-300x300.jpg 300w, https:\/\/nicoyainfo.com\/wp-content\/uploads\/2025\/10\/490980331_1227472216045202_7980150402028313001_n-150x150.jpg 150w, https:\/\/nicoyainfo.com\/wp-content\/uploads\/2025\/10\/490980331_1227472216045202_7980150402028313001_n-768x768.jpg 768w, https:\/\/nicoyainfo.com\/wp-content\/uploads\/2025\/10\/490980331_1227472216045202_7980150402028313001_n-12x12.jpg 12w, https:\/\/nicoyainfo.com\/wp-content\/uploads\/2025\/10\/490980331_1227472216045202_7980150402028313001_n.jpg 1200w\" sizes=\"auto, (max-width: 1024px) 100vw, 1024px\" \/><\/figure>\n\n\n\n<figure class=\"wp-block-image size-large\"><img alt=\"\" loading=\"lazy\" decoding=\"async\" width=\"1024\" height=\"1024\" src=\"https:\/\/nicoyainfo.com\/wp-content\/uploads\/2025\/10\/491845112_1227471989378558_413051095379304930_n-1024x1024.jpg\" class=\"wp-image-217\" srcset=\"https:\/\/nicoyainfo.com\/wp-content\/uploads\/2025\/10\/491845112_1227471989378558_413051095379304930_n-1024x1024.jpg 1024w, https:\/\/nicoyainfo.com\/wp-content\/uploads\/2025\/10\/491845112_1227471989378558_413051095379304930_n-300x300.jpg 300w, https:\/\/nicoyainfo.com\/wp-content\/uploads\/2025\/10\/491845112_1227471989378558_413051095379304930_n-150x150.jpg 150w, https:\/\/nicoyainfo.com\/wp-content\/uploads\/2025\/10\/491845112_1227471989378558_413051095379304930_n-768x768.jpg 768w, https:\/\/nicoyainfo.com\/wp-content\/uploads\/2025\/10\/491845112_1227471989378558_413051095379304930_n-12x12.jpg 12w, https:\/\/nicoyainfo.com\/wp-content\/uploads\/2025\/10\/491845112_1227471989378558_413051095379304930_n.jpg 1200w\" sizes=\"auto, (max-width: 1024px) 100vw, 1024px\" \/><\/figure>\n<\/div>\n\n\n\n<figure class=\"wp-block-gallery has-nested-images columns-default is-cropped wp-block-gallery-1 is-layout-flex wp-block-gallery-is-layout-flex\">\n<figure class=\"wp-block-image size-large\"><img alt=\"\" loading=\"lazy\" decoding=\"async\" width=\"576\" height=\"1024\" data-id=\"272\" src=\"https:\/\/nicoyainfo.com\/wp-content\/uploads\/2025\/10\/WhatsApp-Image-2025-10-24-at-7.40.00-AM-576x1024.jpeg\" class=\"wp-image-272\" srcset=\"https:\/\/nicoyainfo.com\/wp-content\/uploads\/2025\/10\/WhatsApp-Image-2025-10-24-at-7.40.00-AM-576x1024.jpeg 576w, https:\/\/nicoyainfo.com\/wp-content\/uploads\/2025\/10\/WhatsApp-Image-2025-10-24-at-7.40.00-AM-169x300.jpeg 169w, https:\/\/nicoyainfo.com\/wp-content\/uploads\/2025\/10\/WhatsApp-Image-2025-10-24-at-7.40.00-AM-768x1366.jpeg 768w, https:\/\/nicoyainfo.com\/wp-content\/uploads\/2025\/10\/WhatsApp-Image-2025-10-24-at-7.40.00-AM-864x1536.jpeg 864w, https:\/\/nicoyainfo.com\/wp-content\/uploads\/2025\/10\/WhatsApp-Image-2025-10-24-at-7.40.00-AM-7x12.jpeg 7w, https:\/\/nicoyainfo.com\/wp-content\/uploads\/2025\/10\/WhatsApp-Image-2025-10-24-at-7.40.00-AM.jpeg 899w\" sizes=\"auto, (max-width: 576px) 100vw, 576px\" \/><\/figure>\n\n\n\n<figure class=\"wp-block-image size-large\"><img alt=\"\" loading=\"lazy\" decoding=\"async\" width=\"768\" height=\"1024\" data-id=\"275\" src=\"https:\/\/nicoyainfo.com\/wp-content\/uploads\/2025\/10\/WhatsApp-Image-2025-10-24-at-7.40.02-AM-2-768x1024.jpeg\" class=\"wp-image-275\" srcset=\"https:\/\/nicoyainfo.com\/wp-content\/uploads\/2025\/10\/WhatsApp-Image-2025-10-24-at-7.40.02-AM-2-768x1024.jpeg 768w, https:\/\/nicoyainfo.com\/wp-content\/uploads\/2025\/10\/WhatsApp-Image-2025-10-24-at-7.40.02-AM-2-225x300.jpeg 225w, https:\/\/nicoyainfo.com\/wp-content\/uploads\/2025\/10\/WhatsApp-Image-2025-10-24-at-7.40.02-AM-2-1152x1536.jpeg 1152w, https:\/\/nicoyainfo.com\/wp-content\/uploads\/2025\/10\/WhatsApp-Image-2025-10-24-at-7.40.02-AM-2-9x12.jpeg 9w, https:\/\/nicoyainfo.com\/wp-content\/uploads\/2025\/10\/WhatsApp-Image-2025-10-24-at-7.40.02-AM-2.jpeg 1200w\" sizes=\"auto, (max-width: 768px) 100vw, 768px\" \/><\/figure>\n\n\n\n<figure class=\"wp-block-image size-large\"><img alt=\"\" loading=\"lazy\" decoding=\"async\" width=\"768\" height=\"1024\" data-id=\"274\" src=\"https:\/\/nicoyainfo.com\/wp-content\/uploads\/2025\/10\/WhatsApp-Image-2025-10-24-at-7.40.05-AM-1-2-768x1024.jpeg\" class=\"wp-image-274\" srcset=\"https:\/\/nicoyainfo.com\/wp-content\/uploads\/2025\/10\/WhatsApp-Image-2025-10-24-at-7.40.05-AM-1-2-768x1024.jpeg 768w, https:\/\/nicoyainfo.com\/wp-content\/uploads\/2025\/10\/WhatsApp-Image-2025-10-24-at-7.40.05-AM-1-2-225x300.jpeg 225w, https:\/\/nicoyainfo.com\/wp-content\/uploads\/2025\/10\/WhatsApp-Image-2025-10-24-at-7.40.05-AM-1-2-1152x1536.jpeg 1152w, https:\/\/nicoyainfo.com\/wp-content\/uploads\/2025\/10\/WhatsApp-Image-2025-10-24-at-7.40.05-AM-1-2-9x12.jpeg 9w, https:\/\/nicoyainfo.com\/wp-content\/uploads\/2025\/10\/WhatsApp-Image-2025-10-24-at-7.40.05-AM-1-2.jpeg 1200w\" sizes=\"auto, (max-width: 768px) 100vw, 768px\" \/><\/figure>\n<\/figure>\n\n\n\n<div class=\"wp-block-group has-global-padding is-layout-constrained wp-block-group-is-layout-constrained\"><\/div>\n\n\n\n<div style=\"text-align:center;\">\n  <!-- Mapa embebido -->\n  <iframe \n    src=\"https:\/\/www.google.com\/maps\/embed?pb=!1m18!1m12!1m3!1d39213.34786931545!2d-85.474191!3d10.1443014!2m3!1f0!2f0!3f0!3m2!1i1024!2i768!4f13.1!3m3!1m2!1s0x8f9fb74c469e522f%3A0x1cd14611438edac2!2sBlondie%20Sal%C3%B3n%2C%20Av.%202%2C%20Provincia%20de%20Guanacaste%2C%20Nicoya%2C%20Costa%20Rica!5e0!3m2!1ses!2scr!4v1730130000000!5m2!1ses!2scr\" \n    width=\"100%\" \n    height=\"450\" \n    style=\"border:0; border-radius:12px;\" \n    allowfullscreen=\"\" \n    loading=\"lazy\" \n    referrerpolicy=\"no-referrer-when-downgrade\">\n  <\/iframe>","protected":false},"excerpt":{"rendered":"<p>En nuestro sal\u00f3n contamos con a\u00f1os de experiencia dedicados a resaltar la belleza y confianza de cada cliente. Nuestro equipo de profesionales est\u00e1 altamente capacitado en balayage, cortes modernos, tintes personalizados y maquillaje profesional, ofreciendo siempre un servicio de calidad, atenci\u00f3n personalizada y los mejores productos del mercado. Aqu\u00ed, tu estilo es nuestra inspiraci\u00f3n. Agenda [&hellip;]<\/p>\n","protected":false},"author":1,"featured_media":0,"parent":0,"menu_order":0,"comment_status":"open","ping_status":"closed","template":"","meta":{"_seopress_robots_primary_cat":"","_seopress_titles_title":"","_seopress_titles_desc":"","_seopress_robots_index":"","footnotes":""},"class_list":["post-186","page","type-page","status-publish","hentry"],"_hostinger_reach_plugin_has_subscription_block":false,"_hostinger_reach_plugin_is_elementor":false,"_links":{"self":[{"href":"https:\/\/nicoyainfo.com\/en\/wp-json\/wp\/v2\/pages\/186","targetHints":{"allow":["GET"]}}],"collection":[{"href":"https:\/\/nicoyainfo.com\/en\/wp-json\/wp\/v2\/pages"}],"about":[{"href":"https:\/\/nicoyainfo.com\/en\/wp-json\/wp\/v2\/types\/page"}],"author":[{"embeddable":true,"href":"https:\/\/nicoyainfo.com\/en\/wp-json\/wp\/v2\/users\/1"}],"replies":[{"embeddable":true,"href":"https:\/\/nicoyainfo.com\/en\/wp-json\/wp\/v2\/comments?post=186"}],"version-history":[{"count":15,"href":"https:\/\/nicoyainfo.com\/en\/wp-json\/wp\/v2\/pages\/186\/revisions"}],"predecessor-version":[{"id":283,"href":"https:\/\/nicoyainfo.com\/en\/wp-json\/wp\/v2\/pages\/186\/revisions\/283"}],"wp:attachment":[{"href":"https:\/\/nicoyainfo.com\/en\/wp-json\/wp\/v2\/media?parent=186"}],"curies":[{"name":"wp","href":"https:\/\/api.w.org\/{rel}","templated":true}]}}