{"id":367,"date":"2025-11-03T21:12:54","date_gmt":"2025-11-04T03:12:54","guid":{"rendered":"https:\/\/nicoyainfo.com\/?page_id=367"},"modified":"2025-11-07T21:14:01","modified_gmt":"2025-11-08T03:14:01","slug":"canela-azul","status":"publish","type":"page","link":"https:\/\/nicoyainfo.com\/en\/canela-azul\/","title":{"rendered":"Canela azul"},"content":{"rendered":"<div class=\"wp-block-columns alignfull are-vertically-aligned-center has-background is-layout-flex wp-container-core-columns-is-layout-43ec0901 wp-block-columns-is-layout-flex\" style=\"border-style:none;border-width:0px;background:linear-gradient(135deg,rgba(255,255,255,0.76) 35%,rgba(0,120,247,0.68) 100%);margin-top:var(--wp--preset--spacing--40);margin-bottom:var(--wp--preset--spacing--40);padding-top:2.5rem;padding-bottom:2.5rem\">\n<div class=\"wp-block-column is-vertically-aligned-center is-layout-flow wp-block-column-is-layout-flow\">\n<figure class=\"wp-block-image size-full is-resized\"><img alt=\"\" loading=\"lazy\" decoding=\"async\" width=\"687\" height=\"852\" src=\"https:\/\/nicoyainfo.com\/wp-content\/uploads\/2025\/11\/Captura-de-pantalla-2025-10-25-163601.jpg\" class=\"wp-image-373\" style=\"width:284px;height:auto\" srcset=\"https:\/\/nicoyainfo.com\/wp-content\/uploads\/2025\/11\/Captura-de-pantalla-2025-10-25-163601.jpg 687w, https:\/\/nicoyainfo.com\/wp-content\/uploads\/2025\/11\/Captura-de-pantalla-2025-10-25-163601-242x300.jpg 242w, https:\/\/nicoyainfo.com\/wp-content\/uploads\/2025\/11\/Captura-de-pantalla-2025-10-25-163601-10x12.jpg 10w\" sizes=\"auto, (max-width: 687px) 100vw, 687px\" \/><\/figure>\n<\/div>\n\n\n\n<div class=\"wp-block-column is-vertically-aligned-center is-layout-flow wp-block-column-is-layout-flow\">\n<p>\ud83c\udf7d\ufe0f <em>En el coraz\u00f3n de Nicoya, Canela Azul te invita a disfrutar comida artesanal elaborada con ingredientes frescos y saludables, donde cada plato combina sabor, bienestar y el toque aut\u00e9ntico de la cocina local.<\/em><\/p>\n<\/div>\n\n\n\n<div class=\"wp-block-column is-layout-flow wp-block-column-is-layout-flow\">\n<figure class=\"wp-block-image size-full is-resized\"><img alt=\"\" loading=\"lazy\" decoding=\"async\" width=\"847\" height=\"677\" src=\"https:\/\/nicoyainfo.com\/wp-content\/uploads\/2025\/11\/Captura-de-pantalla-2025-10-25-163712.jpg\" class=\"wp-image-370\" style=\"width:319px;height:auto\" srcset=\"https:\/\/nicoyainfo.com\/wp-content\/uploads\/2025\/11\/Captura-de-pantalla-2025-10-25-163712.jpg 847w, https:\/\/nicoyainfo.com\/wp-content\/uploads\/2025\/11\/Captura-de-pantalla-2025-10-25-163712-300x240.jpg 300w, https:\/\/nicoyainfo.com\/wp-content\/uploads\/2025\/11\/Captura-de-pantalla-2025-10-25-163712-768x614.jpg 768w, https:\/\/nicoyainfo.com\/wp-content\/uploads\/2025\/11\/Captura-de-pantalla-2025-10-25-163712-15x12.jpg 15w\" sizes=\"auto, (max-width: 847px) 100vw, 847px\" \/><\/figure>\n<\/div>\n<\/div>\n\n\n\n<div class=\"wp-block-group alignfull has-background is-content-justification-center is-nowrap is-layout-flex wp-container-core-group-is-layout-e5f8f406 wp-block-group-is-layout-flex\" style=\"background:linear-gradient(135deg,rgba(0,120,247,0.68) 0%,rgb(255,255,255) 100%);margin-top:var(--wp--preset--spacing--60);margin-bottom:var(--wp--preset--spacing--60);padding-top:var(--wp--preset--spacing--60);padding-bottom:var(--wp--preset--spacing--60)\">\n<div class=\"wp-block-group has-global-padding is-layout-constrained wp-block-group-is-layout-constrained\">\n<div class=\"wp-block-group is-nowrap is-layout-flex wp-container-core-group-is-layout-6c531013 wp-block-group-is-layout-flex\">\n<p class=\"has-text-align-center\" style=\"font-size:clamp(14px, 0.875rem + ((1vw - 3.2px) * 0.147), 15px);\">\ud83c\udf3a <em>En Canela Azul celebramos la esencia de la vida saludable con comida artesanal, org\u00e1nica y natural, elaborada con productos frescos de la zona de Nicoya. Cada plato est\u00e1 pensado para rejuvenecer el cuerpo y alimentar el alma, conectando con todos los sentidos y con el aut\u00e9ntico esp\u00edritu costarricense.<\/em><\/p>\n<\/div>\n<\/div>\n\n\n\n<p><\/p>\n<\/div>\n\n\n\n<div class=\"wp-block-columns are-vertically-aligned-center is-layout-flex wp-container-core-columns-is-layout-28f84493 wp-block-columns-is-layout-flex\">\n<div class=\"wp-block-column is-vertically-aligned-center is-layout-flow wp-block-column-is-layout-flow\">\n<p><strong>Horario lunes a viernes:<\/strong><br>9 am a 6 pm<\/p>\n\n\n\n<p><strong>S\u00e1bados:<\/strong><br>10 am a 6 pm<\/p>\n<\/div>\n\n\n\n<div class=\"wp-block-column is-vertically-aligned-center is-layout-flow wp-block-column-is-layout-flow\">\n<div class=\"wp-block-group is-nowrap is-layout-flex wp-container-core-group-is-layout-6c531013 wp-block-group-is-layout-flex\">\n<hr class=\"wp-block-separator has-alpha-channel-opacity\"\/>\n\n\n\n<p><strong>Se realizan servicios:<\/strong><br><strong>Eventos privados Catering services<\/strong><br><br><strong>Telefono:<\/strong><br>+50626854222<\/p>\n<\/div>\n<\/div>\n<\/div>\n\n\n\n<div class=\"wp-block-group alignfull has-background is-horizontal is-content-justification-center is-nowrap is-layout-flex wp-container-core-group-is-layout-2afa320d wp-block-group-is-layout-flex\" style=\"background:linear-gradient(135deg,rgb(254,255,255) 0%,rgba(0,64,255,0.51) 47%,rgb(254,254,254) 100%);padding-top:var(--wp--preset--spacing--60);padding-bottom:var(--wp--preset--spacing--60)\">\n<figure class=\"wp-block-image size-full is-resized\"><img alt=\"\" loading=\"lazy\" decoding=\"async\" width=\"631\" height=\"831\" src=\"https:\/\/nicoyainfo.com\/wp-content\/uploads\/2025\/11\/Captura-de-pantalla-2025-10-25-163420.jpg\" class=\"wp-image-374\" style=\"width:275px;height:auto\" srcset=\"https:\/\/nicoyainfo.com\/wp-content\/uploads\/2025\/11\/Captura-de-pantalla-2025-10-25-163420.jpg 631w, https:\/\/nicoyainfo.com\/wp-content\/uploads\/2025\/11\/Captura-de-pantalla-2025-10-25-163420-228x300.jpg 228w, https:\/\/nicoyainfo.com\/wp-content\/uploads\/2025\/11\/Captura-de-pantalla-2025-10-25-163420-9x12.jpg 9w\" sizes=\"auto, (max-width: 631px) 100vw, 631px\" \/><\/figure>\n\n\n\n<figure class=\"wp-block-image size-full is-resized wp-container-content-69bc4bdf\"><img alt=\"\" loading=\"lazy\" decoding=\"async\" width=\"640\" height=\"852\" src=\"https:\/\/nicoyainfo.com\/wp-content\/uploads\/2025\/11\/Captura-de-pantalla-2025-10-25-163515.jpg\" class=\"wp-image-375\" style=\"width:272px;height:auto\" srcset=\"https:\/\/nicoyainfo.com\/wp-content\/uploads\/2025\/11\/Captura-de-pantalla-2025-10-25-163515.jpg 640w, https:\/\/nicoyainfo.com\/wp-content\/uploads\/2025\/11\/Captura-de-pantalla-2025-10-25-163515-225x300.jpg 225w, https:\/\/nicoyainfo.com\/wp-content\/uploads\/2025\/11\/Captura-de-pantalla-2025-10-25-163515-9x12.jpg 9w\" sizes=\"auto, (max-width: 640px) 100vw, 640px\" \/><figcaption class=\"wp-element-caption\"><strong>&nbsp;Risotto de ma\u00edz<\/strong><\/figcaption><\/figure>\n\n\n\n<figure class=\"wp-block-image size-full is-resized\"><img alt=\"\" loading=\"lazy\" decoding=\"async\" width=\"820\" height=\"825\" src=\"https:\/\/nicoyainfo.com\/wp-content\/uploads\/2025\/11\/Captura-de-pantalla-2025-11-03-211901.jpg\" class=\"wp-image-376\" style=\"width:359px;height:auto\" srcset=\"https:\/\/nicoyainfo.com\/wp-content\/uploads\/2025\/11\/Captura-de-pantalla-2025-11-03-211901.jpg 820w, https:\/\/nicoyainfo.com\/wp-content\/uploads\/2025\/11\/Captura-de-pantalla-2025-11-03-211901-298x300.jpg 298w, https:\/\/nicoyainfo.com\/wp-content\/uploads\/2025\/11\/Captura-de-pantalla-2025-11-03-211901-150x150.jpg 150w, https:\/\/nicoyainfo.com\/wp-content\/uploads\/2025\/11\/Captura-de-pantalla-2025-11-03-211901-768x773.jpg 768w, https:\/\/nicoyainfo.com\/wp-content\/uploads\/2025\/11\/Captura-de-pantalla-2025-11-03-211901-12x12.jpg 12w\" sizes=\"auto, (max-width: 820px) 100vw, 820px\" \/><figcaption class=\"wp-element-caption\"><strong>Risotto con pollo, hongos portobello,<\/strong><br><strong> champi\u00f1ones blancos, esp\u00e1rragos.<\/strong><\/figcaption><\/figure>\n<\/div>\n\n\n\n<div class=\"wp-block-group alignfull has-background is-content-justification-center is-nowrap is-layout-flex wp-container-core-group-is-layout-e655da82 wp-block-group-is-layout-flex\" style=\"background:linear-gradient(135deg,rgb(6,147,227) 0%,rgb(244,244,244) 48%,rgba(0,47,255,0.66) 100%);margin-top:0;margin-bottom:0;padding-right:var(--wp--preset--spacing--30);padding-left:var(--wp--preset--spacing--30)\">\n<figure class=\"wp-block-image size-full is-resized\"><img alt=\"\" loading=\"lazy\" decoding=\"async\" width=\"820\" height=\"825\" src=\"https:\/\/nicoyainfo.com\/wp-content\/uploads\/2025\/11\/Captura-de-pantalla-2025-11-03-211901.jpg\" class=\"wp-image-376\" style=\"width:380px;height:auto\" srcset=\"https:\/\/nicoyainfo.com\/wp-content\/uploads\/2025\/11\/Captura-de-pantalla-2025-11-03-211901.jpg 820w, https:\/\/nicoyainfo.com\/wp-content\/uploads\/2025\/11\/Captura-de-pantalla-2025-11-03-211901-298x300.jpg 298w, https:\/\/nicoyainfo.com\/wp-content\/uploads\/2025\/11\/Captura-de-pantalla-2025-11-03-211901-150x150.jpg 150w, https:\/\/nicoyainfo.com\/wp-content\/uploads\/2025\/11\/Captura-de-pantalla-2025-11-03-211901-768x773.jpg 768w, https:\/\/nicoyainfo.com\/wp-content\/uploads\/2025\/11\/Captura-de-pantalla-2025-11-03-211901-12x12.jpg 12w\" sizes=\"auto, (max-width: 820px) 100vw, 820px\" \/><figcaption class=\"wp-element-caption\"><strong>Risotto con pollo, hongos portobello,<\/strong><br><strong> champi\u00f1ones blancos, esp\u00e1rragos.<\/strong><\/figcaption><\/figure>\n\n\n\n<figure class=\"wp-block-image size-full is-resized\"><img alt=\"\" loading=\"lazy\" decoding=\"async\" width=\"635\" height=\"793\" src=\"https:\/\/nicoyainfo.com\/wp-content\/uploads\/2025\/11\/Captura-de-pantalla-2025-11-03-211755-1.jpg\" class=\"wp-image-379\" style=\"width:308px;height:auto\" srcset=\"https:\/\/nicoyainfo.com\/wp-content\/uploads\/2025\/11\/Captura-de-pantalla-2025-11-03-211755-1.jpg 635w, https:\/\/nicoyainfo.com\/wp-content\/uploads\/2025\/11\/Captura-de-pantalla-2025-11-03-211755-1-240x300.jpg 240w, https:\/\/nicoyainfo.com\/wp-content\/uploads\/2025\/11\/Captura-de-pantalla-2025-11-03-211755-1-10x12.jpg 10w\" sizes=\"auto, (max-width: 635px) 100vw, 635px\" \/><\/figure>\n\n\n\n<figure class=\"wp-block-image size-full is-resized wp-container-content-69bc4bdf\"><img alt=\"\" loading=\"lazy\" decoding=\"async\" width=\"640\" height=\"852\" src=\"https:\/\/nicoyainfo.com\/wp-content\/uploads\/2025\/11\/Captura-de-pantalla-2025-10-25-163515.jpg\" class=\"wp-image-375\" style=\"width:286px;height:auto\" srcset=\"https:\/\/nicoyainfo.com\/wp-content\/uploads\/2025\/11\/Captura-de-pantalla-2025-10-25-163515.jpg 640w, https:\/\/nicoyainfo.com\/wp-content\/uploads\/2025\/11\/Captura-de-pantalla-2025-10-25-163515-225x300.jpg 225w, https:\/\/nicoyainfo.com\/wp-content\/uploads\/2025\/11\/Captura-de-pantalla-2025-10-25-163515-9x12.jpg 9w\" sizes=\"auto, (max-width: 640px) 100vw, 640px\" \/><figcaption class=\"wp-element-caption\"><strong>&nbsp;Risotto de ma\u00edz<\/strong><\/figcaption><\/figure>\n<\/div>\n\n\n\n<div style=\"text-align:center;\">\n  <!-- Mapa embebido -->\n  <iframe\n    src=\"https:\/\/www.google.com\/maps?q=10.142221,-85.454038&#038;z=15&#038;output=embed\"\n    width=\"100%\"\n    height=\"450\"\n    style=\"border:0; border-radius:12px;\"\n    allowfullscreen=\"\"\n    loading=\"lazy\"\n    referrerpolicy=\"no-referrer-when-downgrade\">\n  <\/iframe>\n<\/div>","protected":false},"excerpt":{"rendered":"<p>\ud83c\udf7d\ufe0f En el coraz\u00f3n de Nicoya, Canela Azul te invita a disfrutar comida artesanal elaborada con ingredientes frescos y saludables, donde cada plato combina sabor, bienestar y el toque aut\u00e9ntico de la cocina local. \ud83c\udf3a En Canela Azul celebramos la esencia de la vida saludable con comida artesanal, org\u00e1nica y natural, elaborada con productos frescos [&hellip;]<\/p>\n","protected":false},"author":1,"featured_media":0,"parent":0,"menu_order":0,"comment_status":"closed","ping_status":"closed","template":"","meta":{"_seopress_robots_primary_cat":"","_seopress_titles_title":"","_seopress_titles_desc":"","_seopress_robots_index":"","footnotes":""},"class_list":["post-367","page","type-page","status-publish","hentry"],"_hostinger_reach_plugin_has_subscription_block":false,"_hostinger_reach_plugin_is_elementor":false,"_links":{"self":[{"href":"https:\/\/nicoyainfo.com\/en\/wp-json\/wp\/v2\/pages\/367","targetHints":{"allow":["GET"]}}],"collection":[{"href":"https:\/\/nicoyainfo.com\/en\/wp-json\/wp\/v2\/pages"}],"about":[{"href":"https:\/\/nicoyainfo.com\/en\/wp-json\/wp\/v2\/types\/page"}],"author":[{"embeddable":true,"href":"https:\/\/nicoyainfo.com\/en\/wp-json\/wp\/v2\/users\/1"}],"replies":[{"embeddable":true,"href":"https:\/\/nicoyainfo.com\/en\/wp-json\/wp\/v2\/comments?post=367"}],"version-history":[{"count":43,"href":"https:\/\/nicoyainfo.com\/en\/wp-json\/wp\/v2\/pages\/367\/revisions"}],"predecessor-version":[{"id":570,"href":"https:\/\/nicoyainfo.com\/en\/wp-json\/wp\/v2\/pages\/367\/revisions\/570"}],"wp:attachment":[{"href":"https:\/\/nicoyainfo.com\/en\/wp-json\/wp\/v2\/media?parent=367"}],"curies":[{"name":"wp","href":"https:\/\/api.w.org\/{rel}","templated":true}]}}