{"id":64,"date":"2025-10-12T17:47:57","date_gmt":"2025-10-12T23:47:57","guid":{"rendered":"https:\/\/nicoyainfo.com\/?page_id=64"},"modified":"2025-10-22T16:00:49","modified_gmt":"2025-10-22T22:00:49","slug":"centros-de-belleza","status":"publish","type":"page","link":"https:\/\/nicoyainfo.com\/en\/centros-de-belleza\/","title":{"rendered":"CENTROS DE BELLEZA"},"content":{"rendered":"<p>Enhance your beauty and feel amazing at our beauty centers, where every detail is designed for your well-being. From modern haircuts to facial and body care treatments, our experts are ready to provide you with a personalized experience. Treat yourself to a moment of relaxation and transformation: discover the joy of looking and feeling spectacular every day.<\/p>\n\n\n\n<div class=\"wp-block-group is-layout-grid wp-container-core-group-is-layout-478b6e6b wp-block-group-is-layout-grid\">\n<figure class=\"wp-block-image size-full\"><a href=\"https:\/\/nicoyainfo.com\/en\/blondie-salon\/\"><img alt=\"\" loading=\"lazy\" decoding=\"async\" width=\"959\" height=\"960\" src=\"https:\/\/nicoyainfo.com\/wp-content\/uploads\/2025\/10\/345884254_2531349577034891_2302518761921874867_n-1-3.jpg\" class=\"wp-image-226\" srcset=\"https:\/\/nicoyainfo.com\/wp-content\/uploads\/2025\/10\/345884254_2531349577034891_2302518761921874867_n-1-3.jpg 959w, https:\/\/nicoyainfo.com\/wp-content\/uploads\/2025\/10\/345884254_2531349577034891_2302518761921874867_n-1-3-300x300.jpg 300w, https:\/\/nicoyainfo.com\/wp-content\/uploads\/2025\/10\/345884254_2531349577034891_2302518761921874867_n-1-3-150x150.jpg 150w, https:\/\/nicoyainfo.com\/wp-content\/uploads\/2025\/10\/345884254_2531349577034891_2302518761921874867_n-1-3-768x769.jpg 768w, https:\/\/nicoyainfo.com\/wp-content\/uploads\/2025\/10\/345884254_2531349577034891_2302518761921874867_n-1-3-12x12.jpg 12w\" sizes=\"auto, (max-width: 959px) 100vw, 959px\" \/><\/a><figcaption class=\"wp-element-caption\"><strong>Blondie Salon<\/strong><br><strong>+50688228752<\/strong><br><\/figcaption><\/figure>\n<\/div>","protected":false},"excerpt":{"rendered":"<p>Realza tu belleza y si\u00e9ntete incre\u00edble en nuestros centros de est\u00e9tica, donde cada detalle est\u00e1 pensado para tu bienestar. Desde cortes de cabello modernos hasta tratamientos de cuidado facial y corporal, nuestros expertos est\u00e1n listos para brindarte una experiencia personalizada. Reg\u00e1late un momento de relajaci\u00f3n y transformaci\u00f3n: descubre el placer de verte y sentirte espectacular [&hellip;]<\/p>\n","protected":false},"author":1,"featured_media":0,"parent":0,"menu_order":0,"comment_status":"closed","ping_status":"closed","template":"","meta":{"_seopress_robots_primary_cat":"","_seopress_titles_title":"","_seopress_titles_desc":"","_seopress_robots_index":"","footnotes":""},"class_list":["post-64","page","type-page","status-publish","hentry"],"_hostinger_reach_plugin_has_subscription_block":false,"_hostinger_reach_plugin_is_elementor":false,"_links":{"self":[{"href":"https:\/\/nicoyainfo.com\/en\/wp-json\/wp\/v2\/pages\/64","targetHints":{"allow":["GET"]}}],"collection":[{"href":"https:\/\/nicoyainfo.com\/en\/wp-json\/wp\/v2\/pages"}],"about":[{"href":"https:\/\/nicoyainfo.com\/en\/wp-json\/wp\/v2\/types\/page"}],"author":[{"embeddable":true,"href":"https:\/\/nicoyainfo.com\/en\/wp-json\/wp\/v2\/users\/1"}],"replies":[{"embeddable":true,"href":"https:\/\/nicoyainfo.com\/en\/wp-json\/wp\/v2\/comments?post=64"}],"version-history":[{"count":7,"href":"https:\/\/nicoyainfo.com\/en\/wp-json\/wp\/v2\/pages\/64\/revisions"}],"predecessor-version":[{"id":227,"href":"https:\/\/nicoyainfo.com\/en\/wp-json\/wp\/v2\/pages\/64\/revisions\/227"}],"wp:attachment":[{"href":"https:\/\/nicoyainfo.com\/en\/wp-json\/wp\/v2\/media?parent=64"}],"curies":[{"name":"wp","href":"https:\/\/api.w.org\/{rel}","templated":true}]}}